{"id":6014,"date":"2024-07-25T10:47:29","date_gmt":"2024-07-25T10:47:29","guid":{"rendered":"https:\/\/new.zircon.ee\/precision-engineering\/"},"modified":"2024-09-11T21:57:15","modified_gmt":"2024-09-11T21:57:15","slug":"peenmehaanika","status":"publish","type":"page","link":"https:\/\/zircon.ee\/et\/peenmehaanika\/","title":{"rendered":"Peenmehaanika"},"content":{"rendered":"<div>PEENMEHHAANIKA<\/div>\n<div>\n<p class=\"font_7 wixui-rich-text__text\"><span>Meie metallit\u00f6\u00f6tlemis tehnoloogia lubab valmistada detaile t\u00e4psusega 0.005 mm. Me v\u00f5ime valmistada detaile igas Teile vajalikus koguses \u2013 \u00fcksikeksemplarist suurte partiideni. Zircon tooteid kasutatakse meditsiinis, autot\u00f6\u00f6stuses, robotiehituses, lennunduses ja teistes t\u00f6\u00f6stusharudes.<\/span><\/p>\n<p>Lisaks metalli masinat\u00f6\u00f6tlusele pakume koostelukksepa teenuseid ning tellime sertifitseeritud allhankijatelt j\u00e4rgmisi lisat\u00f6id: <strong>galvaanika kate, termot\u00f6\u00f6tlus ja teised l\u00f5plikud pinnat\u00f6\u00f6tlused.<\/strong><\/p>\n<\/div>\n<p><video src=\"\/zircon2\/wp-content\/uploads\/2024\/07\/precision-engineering-erosioon-zircongroup.mp4\" poster=\"\"><\/video><\/p>\n<div>\n<p>MEIE KLIENDID:\u00a0<\/p>\n<\/div>\n<ul>\n<li>\n<p>        <img decoding=\"async\" src=\"\/zircon2\/wp-content\/uploads\/2024\/06\/zircon-estonia-abb-customer.png\" alt=\"\"><\/p>\n<\/li>\n<li>\n<p>        <img decoding=\"async\" src=\"\/zircon2\/wp-content\/uploads\/2024\/06\/volvo-estonia-zircon-customer.png\" alt=\"\"><\/p>\n<\/li>\n<li>\n<p>        <img decoding=\"async\" src=\"\/zircon2\/wp-content\/uploads\/2024\/06\/zircon-estonia-schneider-customer.png\" alt=\"\"><\/p>\n<\/li>\n<li>\n<p>        <img decoding=\"async\" src=\"\/zircon2\/wp-content\/uploads\/2024\/06\/k2rcher-estonia-zircon-customer.png\" alt=\"\"><\/p>\n<\/li>\n<li>\n<p>        <img decoding=\"async\" src=\"\/zircon2\/wp-content\/uploads\/2024\/06\/zircon-estonia-ford-customer.png\" alt=\"\"><\/p>\n<\/li>\n<li>\n<p>        <img decoding=\"async\" src=\"\/zircon2\/wp-content\/uploads\/2024\/06\/zircon-estonia-robusathletics-customer.png\" alt=\"\"><\/p>\n<\/li>\n<li>\n<p>        <img decoding=\"async\" src=\"\/zircon2\/wp-content\/uploads\/2024\/06\/zircon-estonia-osram-customer.png\" alt=\"\"><\/p>\n<\/li>\n<li>\n<p>        <img decoding=\"async\" src=\"\/zircon2\/wp-content\/uploads\/2024\/06\/zircon-estonia-ikea-customer.png\" alt=\"\"><\/p>\n<\/li>\n<li>\n<p>        <img decoding=\"async\" src=\"\/zircon2\/wp-content\/uploads\/2024\/06\/zircon-estonia-vokswagen-customer.png\" alt=\"\"><\/p>\n<\/li>\n<li>\n<p>        <img decoding=\"async\" src=\"\/zircon2\/wp-content\/uploads\/2024\/06\/zircon-estonia-topsiring-customer.png\" alt=\"\"><\/p>\n<\/li>\n<\/ul>\n<h3>Zircon Group O\u00dc<\/h3>\n<div>\n<p>Reg. nr.: <strong>11694520<br \/><\/strong>KMKR.: <strong>EE101315461<\/strong><br \/>Telefon: <a href=\"tel:+372 6 205 900\" rel=\"noopener\"><strong>+372 6 205 900<\/strong><\/a><br \/>E-mail: <a href=\"mailto:info@zircon.ee\"><strong>info@zircon.ee<\/strong><\/a><\/p>\n<p>Asukoht: <br \/><a href=\"https:\/\/www.google.com\/maps\/place\/Zircon+Group+O%C3%9C\/@59.5221438,24.8466883,17z\/data=!4m15!1m8!3m7!1s0x46928d5d86b69949:0x12f5ddc283ad5944!2sAmpri+tee+1,+Lubja,+74010+Harju+maakond!3b1!8m2!3d59.5221411!4d24.8492632!16s%2Fg%2F11b8v6rb3_!3m5!1s0x4692ec9214d0c0c1:0x8e8b17bf1f6933a8!8m2!3d59.5217325!4d24.8494!16s%2Fg%2F1th5b76m?entry=ttu\" target=\"_blank\" rel=\"noopener\"><strong class=\"linkerall\">Ampri tee 1, Lubja, Viimsi, 74010, <br \/>Harju county, Estonia<\/strong><\/a><\/p>\n<\/div>\n<h3>Teenused:<\/h3>\n<ul>\n<li>\n        <a href=\"\/zircon2\/et\/stantsid\/\">Stantsid<\/a>\n    <\/li>\n<li>\n        <a href=\"\/zircon2\/et\/pressvormid\/\">Pressvormid<\/a>\n    <\/li>\n<li>\n        <a href=\"\/zircon2\/et\/prototuupide-disain-ja-tootmine\/\">Protot\u00fc\u00fcpide disain ja tootmine<\/a>\n    <\/li>\n<li>\n        <a href=\"\/zircon2\/et\/hooldusjaremont\/\">Hooldus ja remont<\/a>\n    <\/li>\n<\/ul>\n<h3>\n<\/h3>\n<ul>\n<li>\n        <a href=\"\/zircon2\/et\/peenmehaanika\/\">Peenmehaanika<\/a>\n    <\/li>\n<li>\n        <a href=\"\/zircon2\/et\/stantsimine\/\">Stantsimine<\/a>\n    <\/li>\n<li>\n        <a href=\"\/zircon2\/et\/plastmassi-survevalu\/\">Plastmassi survevalu<\/a>\n    <\/li>\n<li>\n        <a href=\"\/zircon2\/et\/moldex3d-simulatsiooniteenus\/\">Moldex3D simulatsiooniteenus<\/a>\n    <\/li>\n<\/ul>\n<h3>Tehnoloogia ja \u00f5igus:<\/h3>\n<ul>\n<li>\n        <a href=\"\/zircon2\/et\/masinapark\/\">Masinapark<\/a>\n    <\/li>\n<li>\n        <a href=\"\/zircon2\/et\/tarkvara\/\">Tarkvara<\/a>\n    <\/li>\n<li>\n        <a href=\"\/zircon2\/et\/tingimused\/\">Tingimused<\/a>\n    <\/li>\n<li>\n        <a href=\"\/zircon2\/et\/privaatsus\/\">Privaatsus<\/a>\n    <\/li>\n<\/ul>\n<div>\n<p>        <img decoding=\"async\" src=\"\/zircon2\/wp-content\/uploads\/2024\/06\/white-zircon.png\" alt=\"\"><\/p>\n<p><a href=\"#\"><\/a><\/p>\n<\/div>\n<ul>\n<li><a href=\"https:\/\/www.facebook.com\/zircongroupou\/\">facebook<\/a>\n<\/li>\n<li><a href=\"https:\/\/www.linkedin.com\/company\/zircon-group-ou\/\">linkedin<\/a>\n<\/li>\n<li><a href=\"https:\/\/www.instagram.com\/zircon_group\/\">instagram<\/a>\n<\/li>\n<\/ul>\n<p><!--more--><br \/>\n<!-- {\"type\":\"layout\",\"children\":[{\"type\":\"section\",\"props\":{\"animation\":\"slide-left-small\",\"class\":\"precision engineering\",\"id\":\"precision engineering\",\"image_position\":\"center-center\",\"padding\":\"small\",\"padding_remove_bottom\":false,\"padding_remove_top\":false,\"style\":\"primary\",\"title_breakpoint\":\"xl\",\"title_position\":\"top-left\",\"title_rotation\":\"left\",\"vertical_align\":\"\",\"width\":\"xlarge\"},\"children\":[{\"type\":\"row\",\"children\":[{\"type\":\"column\",\"props\":{\"image_position\":\"center-center\",\"position_sticky_breakpoint\":\"m\",\"width_medium\":\"1-1\"},\"children\":[{\"type\":\"headline\",\"props\":{\"animation\":\"fade\",\"class\":\"zircon-headline2\",\"content\":\"PEENMEHHAANIKA\",\"id\":\"zircon-headline2\",\"text_align\":\"left\",\"title_decoration\":\"line\",\"title_element\":\"div\"},\"name\":\"zircon-headline2\"}]}],\"props\":{\"class\":\"about\",\"id\":\"about\"}},{\"type\":\"row\",\"children\":[{\"type\":\"column\",\"props\":{\"image_position\":\"center-center\",\"padding\":\"small\",\"position_sticky_breakpoint\":\"m\",\"style\":\"card-default\",\"width_medium\":\"1-2\"},\"children\":[{\"type\":\"text\",\"props\":{\"class\":\"text-about-inside\",\"column_breakpoint\":\"m\",\"content\":\"\n\n<p class=\\\"font_7 wixui-rich-text__text\\\"><span>Meie metallit\\u00f6\\u00f6tlemis tehnoloogia lubab valmistada detaile t\\u00e4psusega 0.005 mm. Me v\\u00f5ime valmistada detaile igas Teile vajalikus koguses \\u2013 \\u00fcksikeksemplarist suurte partiideni. Zircon tooteid kasutatakse meditsiinis, autot\\u00f6\\u00f6stuses, robotiehituses, lennunduses ja teistes t\\u00f6\\u00f6stusharudes.<\\\/span><\\\/p>\\n\n\n<p>Lisaks metalli masinat\\u00f6\\u00f6tlusele pakume koostelukksepa teenuseid ning tellime sertifitseeritud allhankijatelt j\\u00e4rgmisi lisat\\u00f6id: <strong>galvaanika kate, termot\\u00f6\\u00f6tlus ja teised l\\u00f5plikud pinnat\\u00f6\\u00f6tlused.<\\\/strong><\\\/p>\",\"id\":\"text-about-inside\",\"margin\":\"default\",\"margin_remove_bottom\":false,\"margin_remove_top\":false},\"name\":\"Text About Inside\"}]},{\"type\":\"column\",\"props\":{\"class\":\"piltzircon2\",\"id\":\"piltzircon2\",\"image_position\":\"center-center\",\"position_sticky_breakpoint\":\"m\",\"width_medium\":\"1-2\"},\"children\":[{\"type\":\"video\",\"props\":{\"margin\":\"default\",\"video\":\"wp-content\\\/uploads\\\/2024\\\/07\\\/precision-engineering-erosioon-zircongroup.mp4\",\"video_autoplay\":true,\"video_controls\":false,\"video_loop\":true,\"video_playsinline\":true}}]}],\"props\":{\"layout\":\"1-2,1-2\",\"margin\":\"medium\",\"margin_remove_top\":false}},{\"type\":\"row\",\"children\":[{\"type\":\"column\",\"props\":{\"image_position\":\"center-center\",\"position_sticky_breakpoint\":\"m\",\"width_medium\":\"1-1\"},\"children\":[{\"type\":\"text\",\"props\":{\"blend\":false,\"class\":\"textfrontsmall3\",\"column_breakpoint\":\"m\",\"content\":\"\n\n<p>MEIE KLIENDID:\\u00a0<\\\/p>\",\"id\":\"textfrontsmall3\",\"margin\":\"large\",\"margin_remove_bottom\":true,\"text_align\":\"left\",\"text_align_breakpoint\":\"m\",\"text_align_fallback\":\"left\"},\"name\":\"textfrontsmall3-zirconourcustomers\"},{\"type\":\"overlay-slider\",\"props\":{\"link_style\":\"default\",\"link_text\":\"Read more\",\"margin\":\"default\",\"meta_align\":\"below-title\",\"meta_element\":\"div\",\"meta_style\":\"text-meta\",\"nav\":\"dotnav\",\"nav_align\":\"center\",\"nav_breakpoint\":\"s\",\"nav_margin\":\"small\",\"overlay_mode\":\"cover\",\"overlay_position\":\"center\",\"overlay_transition\":\"fade\",\"show_content\":true,\"show_hover_image\":true,\"show_hover_video\":true,\"show_link\":true,\"show_meta\":true,\"show_title\":true,\"slidenav\":\"outside\",\"slidenav_breakpoint\":\"\",\"slidenav_margin\":\"\",\"slidenav_outside_breakpoint\":\"xl\",\"slider_autoplay\":true,\"slider_autoplay_interval\":\"5\",\"slider_autoplay_pause\":false,\"slider_gap\":\"default\",\"slider_width\":\"fixed\",\"slider_width_default\":\"1-2\",\"slider_width_large\":\"1-6\",\"slider_width_medium\":\"1-4\",\"slider_width_xlarge\":\"1-6\",\"text_align\":\"center\",\"title_element\":\"h3\",\"title_hover_style\":\"reset\"},\"children\":[{\"type\":\"overlay-slider_item\",\"props\":{\"image\":\"wp-content\\\/uploads\\\/2024\\\/06\\\/zircon-estonia-abb-customer.png\",\"title\":\"\"}},{\"type\":\"overlay-slider_item\",\"props\":{\"image\":\"wp-content\\\/uploads\\\/2024\\\/06\\\/volvo-estonia-zircon-customer.png\",\"title\":\"\"}},{\"type\":\"overlay-slider_item\",\"props\":{\"image\":\"wp-content\\\/uploads\\\/2024\\\/06\\\/zircon-estonia-schneider-customer.png\",\"title\":\"\"}},{\"type\":\"overlay-slider_item\",\"props\":{\"image\":\"wp-content\\\/uploads\\\/2024\\\/06\\\/k2rcher-estonia-zircon-customer.png\",\"title\":\"\"}},{\"type\":\"overlay-slider_item\",\"props\":{\"image\":\"wp-content\\\/uploads\\\/2024\\\/06\\\/zircon-estonia-ford-customer.png\",\"title\":\"\"}},{\"type\":\"overlay-slider_item\",\"props\":{\"image\":\"wp-content\\\/uploads\\\/2024\\\/06\\\/zircon-estonia-robusathletics-customer.png\",\"title\":\"\"}},{\"type\":\"overlay-slider_item\",\"props\":{\"image\":\"wp-content\\\/uploads\\\/2024\\\/06\\\/zircon-estonia-osram-customer.png\",\"title\":\"\"}},{\"type\":\"overlay-slider_item\",\"props\":{\"image\":\"wp-content\\\/uploads\\\/2024\\\/06\\\/zircon-estonia-ikea-customer.png\",\"title\":\"\"}},{\"type\":\"overlay-slider_item\",\"props\":{\"image\":\"wp-content\\\/uploads\\\/2024\\\/06\\\/zircon-estonia-vokswagen-customer.png\",\"title\":\"\"}},{\"type\":\"overlay-slider_item\",\"props\":{\"image\":\"wp-content\\\/uploads\\\/2024\\\/06\\\/zircon-estonia-topsiring-customer.png\",\"title\":\"\"}}],\"name\":\"Partnerite Slaider\"}]}],\"props\":{\"class\":\"about\",\"id\":\"about\"}}],\"name\":\"Precision engineering\"},{\"type\":\"section\",\"props\":{\"image_position\":\"center-center\",\"style\":\"secondary\",\"title_breakpoint\":\"xl\",\"title_position\":\"top-left\",\"title_rotation\":\"left\",\"vertical_align\":\"middle\",\"width\":\"xlarge\"},\"children\":[{\"type\":\"row\",\"props\":{\"layout\":\"1-4,1-4,1-4,1-4|1-2,1-2,1-2,1-2\"},\"children\":[{\"type\":\"column\",\"props\":{\"image_position\":\"center-center\",\"position_sticky_breakpoint\":\"m\",\"width_medium\":\"1-4\",\"width_small\":\"1-2\"},\"children\":[{\"type\":\"headline\",\"props\":{\"content\":\"Zircon Group O\\u00dc\",\"title_element\":\"h3\",\"title_style\":\"h4\"},\"name\":\"aest-ftrtit1\"},{\"type\":\"text\",\"props\":{\"column_breakpoint\":\"m\",\"content\":\"\n\n<p>Reg. nr.: <strong>11694520<br \\\/><\\\/strong>KMKR.: <strong>EE101315461<\\\/strong><br \\\/>Telefon: <a href=\\\"tel:+372 6 205 900\\\" rel=\\\"noopener\\\"><strong>+372 6 205 900<\\\/strong><\\\/a><br \\\/>E-mail: <a href=\\\"mailto:info@zircon.ee\\\"><strong>info@zircon.ee<\\\/strong><\\\/a><\\\/p>\\n\n\n<p>Asukoht: <br \\\/><a href=\\\"https:\\\/\\\/www.google.com\\\/maps\\\/place\\\/Zircon+Group+O%C3%9C\\\/@59.5221438,24.8466883,17z\\\/data=!4m15!1m8!3m7!1s0x46928d5d86b69949:0x12f5ddc283ad5944!2sAmpri+tee+1,+Lubja,+74010+Harju+maakond!3b1!8m2!3d59.5221411!4d24.8492632!16s%2Fg%2F11b8v6rb3_!3m5!1s0x4692ec9214d0c0c1:0x8e8b17bf1f6933a8!8m2!3d59.5217325!4d24.8494!16s%2Fg%2F1th5b76m?entry=ttu\\\" target=\\\"_blank\\\" rel=\\\"noopener\\\"><strong class=\\\"linkerall\\\">Ampri tee 1, Lubja, Viimsi, 74010, <br \\\/>Harju county, Estonia<\\\/strong><\\\/a><\\\/p>\",\"margin\":\"default\"},\"name\":\"aest-ftrtxt1\"}]},{\"type\":\"column\",\"props\":{\"image_position\":\"center-center\",\"position_sticky_breakpoint\":\"m\",\"width_medium\":\"1-4\",\"width_small\":\"1-2\"},\"children\":[{\"type\":\"headline\",\"props\":{\"class\":\"services2\",\"content\":\"Teenused:\",\"id\":\"services2\",\"title_element\":\"h3\",\"title_style\":\"h4\"},\"name\":\"aest-ftrtit2-services2\"},{\"type\":\"button\",\"props\":{\"fullwidth\":true,\"grid_column_gap\":\"small\",\"grid_row_gap\":\"small\",\"margin\":\"medium\",\"margin_remove_bottom\":false,\"text_align\":\"left\",\"text_align_breakpoint\":\"m\",\"text_align_fallback\":\"left\"},\"children\":[{\"type\":\"button_item\",\"props\":{\"button_style\":\"\",\"content\":\"Stantsid\",\"icon_align\":\"left\",\"link\":\"et\\\/stantsid\\\/\",\"link_title\":\"Stantsid\"}},{\"type\":\"button_item\",\"props\":{\"button_style\":\"\",\"content\":\"Pressvormid\",\"icon_align\":\"left\",\"link\":\"et\\\/pressvormid\\\/\",\"link_title\":\"Pressvormid\"}},{\"type\":\"button_item\",\"props\":{\"button_style\":\"\",\"content\":\"Protot\\u00fc\\u00fcpide disain ja tootmine\",\"icon_align\":\"left\",\"link\":\"et\\\/prototuupide-disain-ja-tootmine\\\/\",\"link_title\":\"Protot\\u00fc\\u00fcpide disain ja tootmine\"}},{\"type\":\"button_item\",\"props\":{\"button_style\":\"\",\"content\":\"Hooldus ja remont\",\"icon_align\":\"left\",\"link\":\"et\\\/hooldusjaremont\\\/\",\"link_title\":\"Hooldus ja remont\"}}],\"name\":\"aest-ftrbtn2\"}]},{\"type\":\"column\",\"props\":{\"image_position\":\"center-center\",\"position_sticky_breakpoint\":\"m\",\"width_medium\":\"1-4\",\"width_small\":\"1-2\"},\"children\":[{\"type\":\"headline\",\"props\":{\"content\":\"\n\n<p><\\\/p>\",\"title_element\":\"h3\",\"title_style\":\"h4\"},\"name\":\"aest-ftrtit3\"},{\"type\":\"button\",\"props\":{\"class\":\"mobileosabut\",\"fullwidth\":true,\"grid_column_gap\":\"small\",\"grid_row_gap\":\"small\",\"id\":\"mobileosabut\",\"margin\":\"medium\",\"margin_remove_bottom\":false,\"text_align\":\"left\",\"text_align_breakpoint\":\"m\",\"text_align_fallback\":\"left\"},\"children\":[{\"type\":\"button_item\",\"props\":{\"button_style\":\"\",\"content\":\"Peenmehaanika\",\"icon_align\":\"left\",\"link\":\"et\\\/peenmehaanika\\\/\",\"link_title\":\"Peenmehaanika\"}},{\"type\":\"button_item\",\"props\":{\"button_style\":\"\",\"content\":\"Stantsimine\",\"icon_align\":\"left\",\"link\":\"et\\\/stantsimine\\\/\",\"link_title\":\"Stantsimine\"}},{\"type\":\"button_item\",\"props\":{\"button_style\":\"\",\"content\":\"Plastmassi survevalu\",\"icon_align\":\"left\",\"link\":\"et\\\/plastmassi-survevalu\\\/\",\"link_title\":\"Plastmassi survevalu\"}},{\"type\":\"button_item\",\"props\":{\"button_style\":\"\",\"content\":\"Moldex3D simulatsiooniteenus\",\"icon_align\":\"left\",\"link\":\"et\\\/moldex3d-simulatsiooniteenus\\\/\",\"link_title\":\"Moldex3D simulatsiooniteenus\"}}],\"name\":\"aest-ftrbtn3-mobileosabut\"}]},{\"type\":\"column\",\"props\":{\"image_position\":\"center-center\",\"position_sticky_breakpoint\":\"m\",\"width_medium\":\"1-4\",\"width_small\":\"1-2\"},\"children\":[{\"type\":\"headline\",\"props\":{\"class\":\"services2\",\"content\":\"Tehnoloogia ja \\u00f5igus:\",\"id\":\"services2\",\"title_element\":\"h3\",\"title_style\":\"h4\"},\"name\":\"aest-ftrtit4-services2\"},{\"type\":\"button\",\"props\":{\"fullwidth\":true,\"grid_column_gap\":\"small\",\"grid_row_gap\":\"small\",\"margin\":\"medium\",\"margin_remove_bottom\":false,\"text_align\":\"left\",\"text_align_breakpoint\":\"m\",\"text_align_fallback\":\"left\"},\"children\":[{\"type\":\"button_item\",\"props\":{\"button_style\":\"\",\"content\":\"Masinapark\",\"icon_align\":\"left\",\"link\":\"et\\\/masinapark\\\/\",\"link_title\":\"Masinapark\"}},{\"type\":\"button_item\",\"props\":{\"button_style\":\"\",\"content\":\"Tarkvara\",\"icon_align\":\"left\",\"link\":\"et\\\/tarkvara\\\/\",\"link_title\":\"Tarkvara\"}},{\"type\":\"button_item\",\"props\":{\"button_style\":\"\",\"content\":\"Tingimused\",\"icon_align\":\"left\",\"link\":\"et\\\/tingimused\\\/\",\"link_title\":\"Tingimused\"}},{\"type\":\"button_item\",\"props\":{\"button_style\":\"\",\"content\":\"Privaatsus\",\"icon_align\":\"left\",\"link\":\"et\\\/privaatsus\\\/\",\"link_title\":\"Privaatsus\"}}],\"name\":\"aest-ftrbtn4\"}]}]},{\"type\":\"row\",\"props\":{\"layout\":\"1-2,1-2\"},\"children\":[{\"type\":\"column\",\"props\":{\"image_position\":\"center-center\",\"position_sticky_breakpoint\":\"m\",\"width_medium\":\"1-2\"},\"children\":[{\"type\":\"panel\",\"props\":{\"content\":\"\",\"content_column_breakpoint\":\"m\",\"icon_width\":80,\"image\":\"wp-content\\\/uploads\\\/2024\\\/06\\\/white-zircon.png\",\"image_align\":\"left\",\"image_grid_breakpoint\":\"m\",\"image_grid_row_gap\":\"small\",\"image_grid_width\":\"auto\",\"image_link\":true,\"image_svg_color\":\"emphasis\",\"image_svg_inline\":true,\"image_vertical_align\":true,\"image_width\":100,\"link\":\"#\",\"link_style\":\"default\",\"link_text\":\"\",\"margin\":\"default\",\"meta\":\"\",\"meta_align\":\"below-title\",\"meta_element\":\"div\",\"meta_style\":\"text-meta\",\"title_align\":\"top\",\"title_element\":\"h3\",\"title_grid_breakpoint\":\"m\",\"title_grid_width\":\"1-2\",\"title_hover_style\":\"reset\"},\"name\":\"ftrsc1\"}]},{\"type\":\"column\",\"props\":{\"image_position\":\"center-center\",\"position_sticky_breakpoint\":\"m\",\"width_medium\":\"1-2\"},\"children\":[{\"name\":\"ftrsc2\",\"type\":\"social\",\"props\":{\"animation\":\"slide-right-small\",\"grid\":\"horizontal\",\"grid_column_gap\":\"small\",\"grid_row_gap\":\"small\",\"image_svg_inline\":true,\"link_style\":\"button\",\"link_target\":true,\"margin\":\"medium\",\"text_align\":\"right\",\"text_align_breakpoint\":\"m\",\"text_align_fallback\":\"left\"},\"children\":[{\"type\":\"social_item\",\"props\":{\"link\":\"https:\\\/\\\/www.facebook.com\\\/zircongroupou\\\/\"}},{\"type\":\"social_item\",\"props\":{\"link\":\"https:\\\/\\\/www.linkedin.com\\\/company\\\/zircon-group-ou\\\/\"}},{\"type\":\"social_item\",\"props\":{\"link\":\"https:\\\/\\\/www.instagram.com\\\/zircon_group\\\/\"}}]}]}]}],\"name\":\"Jalus\"}],\"version\":\"4.4.8\"} --><\/p>\n","protected":false},"excerpt":{"rendered":"<p>PEENMEHHAANIKA Meie metallit\u00f6\u00f6tlemis tehnoloogia lubab valmistada detaile t\u00e4psusega 0.005 mm. Me v\u00f5ime valmistada detaile igas Teile vajalikus koguses \u2013 \u00fcksikeksemplarist suurte partiideni. Zircon tooteid kasutatakse meditsiinis, autot\u00f6\u00f6stuses, robotiehituses, lennunduses ja teistes t\u00f6\u00f6stusharudes. Lisaks metalli masinat\u00f6\u00f6tlusele pakume koostelukksepa teenuseid ning tellime sertifitseeritud allhankijatelt j\u00e4rgmisi lisat\u00f6id: galvaanika kate, termot\u00f6\u00f6tlus ja teised l\u00f5plikud pinnat\u00f6\u00f6tlused. MEIE KLIENDID:\u00a0 Zircon Group [&hellip;]<\/p>\n","protected":false},"author":1,"featured_media":0,"parent":0,"menu_order":1,"comment_status":"open","ping_status":"open","template":"","meta":{"_acf_changed":false,"_monsterinsights_skip_tracking":false,"_monsterinsights_sitenote_active":false,"_monsterinsights_sitenote_note":"","_monsterinsights_sitenote_category":0,"footnotes":""},"class_list":["post-6014","page","type-page","status-publish","hentry"],"acf":[],"yoast_head":"<!-- This site is optimized with the Yoast SEO plugin v27.4 - https:\/\/yoast.com\/product\/yoast-seo-wordpress\/ -->\n<title>Peenmehaanika - Zircon kaasaegne tehnoloogia ning kvaliteet<\/title>\n<meta name=\"description\" content=\"Meie metallit\u00f6\u00f6tlemis tehnoloogia lubab valmistada detaile t\u00e4psusega 0.005 mm. Me v\u00f5ime valmistada detaile igas Teile vajalikus koguses...\" \/>\n<meta name=\"robots\" content=\"index, follow, max-snippet:-1, max-image-preview:large, max-video-preview:-1\" \/>\n<link rel=\"canonical\" href=\"https:\/\/zircon.ee\/et\/peenmehaanika\/\" \/>\n<meta property=\"og:locale\" content=\"et_EE\" \/>\n<meta property=\"og:type\" content=\"article\" \/>\n<meta property=\"og:title\" content=\"Peenmehaanika - Zircon kaasaegne tehnoloogia ning kvaliteet\" \/>\n<meta property=\"og:description\" content=\"Meie metallit\u00f6\u00f6tlemis tehnoloogia lubab valmistada detaile t\u00e4psusega 0.005 mm. Me v\u00f5ime valmistada detaile igas Teile vajalikus koguses...\" \/>\n<meta property=\"og:url\" content=\"https:\/\/zircon.ee\/et\/peenmehaanika\/\" \/>\n<meta property=\"og:site_name\" content=\"ZIRCON | New Website\" \/>\n<meta property=\"article:modified_time\" content=\"2024-09-11T21:57:15+00:00\" \/>\n<meta name=\"twitter:card\" content=\"summary_large_image\" \/>\n<meta name=\"twitter:label1\" content=\"Est. reading time\" \/>\n\t<meta name=\"twitter:data1\" content=\"3 minutit\" \/>\n<script type=\"application\/ld+json\" class=\"yoast-schema-graph\">{\"@context\":\"https:\\\/\\\/schema.org\",\"@graph\":[{\"@type\":\"WebPage\",\"@id\":\"https:\\\/\\\/zircon.ee\\\/et\\\/peenmehaanika\\\/\",\"url\":\"https:\\\/\\\/zircon.ee\\\/et\\\/peenmehaanika\\\/\",\"name\":\"Peenmehaanika - Zircon kaasaegne tehnoloogia ning kvaliteet\",\"isPartOf\":{\"@id\":\"https:\\\/\\\/zircon.ee\\\/et\\\/#website\"},\"datePublished\":\"2024-07-25T10:47:29+00:00\",\"dateModified\":\"2024-09-11T21:57:15+00:00\",\"description\":\"Meie metallit\u00f6\u00f6tlemis tehnoloogia lubab valmistada detaile t\u00e4psusega 0.005 mm. Me v\u00f5ime valmistada detaile igas Teile vajalikus koguses...\",\"breadcrumb\":{\"@id\":\"https:\\\/\\\/zircon.ee\\\/et\\\/peenmehaanika\\\/#breadcrumb\"},\"inLanguage\":\"et\",\"potentialAction\":[{\"@type\":\"ReadAction\",\"target\":[\"https:\\\/\\\/zircon.ee\\\/et\\\/peenmehaanika\\\/\"]}]},{\"@type\":\"BreadcrumbList\",\"@id\":\"https:\\\/\\\/zircon.ee\\\/et\\\/peenmehaanika\\\/#breadcrumb\",\"itemListElement\":[{\"@type\":\"ListItem\",\"position\":1,\"name\":\"Home\",\"item\":\"https:\\\/\\\/zircon.ee\\\/et\\\/\"},{\"@type\":\"ListItem\",\"position\":2,\"name\":\"Peenmehaanika\"}]},{\"@type\":\"WebSite\",\"@id\":\"https:\\\/\\\/zircon.ee\\\/et\\\/#website\",\"url\":\"https:\\\/\\\/zircon.ee\\\/et\\\/\",\"name\":\"ZIRCON | Web Design & Prototype 2\",\"description\":\"\",\"potentialAction\":[{\"@type\":\"SearchAction\",\"target\":{\"@type\":\"EntryPoint\",\"urlTemplate\":\"https:\\\/\\\/zircon.ee\\\/et\\\/?s={search_term_string}\"},\"query-input\":{\"@type\":\"PropertyValueSpecification\",\"valueRequired\":true,\"valueName\":\"search_term_string\"}}],\"inLanguage\":\"et\"}]}<\/script>\n<!-- \/ Yoast SEO plugin. -->","yoast_head_json":{"title":"Peenmehaanika - Zircon kaasaegne tehnoloogia ning kvaliteet","description":"Meie metallit\u00f6\u00f6tlemis tehnoloogia lubab valmistada detaile t\u00e4psusega 0.005 mm. Me v\u00f5ime valmistada detaile igas Teile vajalikus koguses...","robots":{"index":"index","follow":"follow","max-snippet":"max-snippet:-1","max-image-preview":"max-image-preview:large","max-video-preview":"max-video-preview:-1"},"canonical":"https:\/\/zircon.ee\/et\/peenmehaanika\/","og_locale":"et_EE","og_type":"article","og_title":"Peenmehaanika - Zircon kaasaegne tehnoloogia ning kvaliteet","og_description":"Meie metallit\u00f6\u00f6tlemis tehnoloogia lubab valmistada detaile t\u00e4psusega 0.005 mm. Me v\u00f5ime valmistada detaile igas Teile vajalikus koguses...","og_url":"https:\/\/zircon.ee\/et\/peenmehaanika\/","og_site_name":"ZIRCON | New Website","article_modified_time":"2024-09-11T21:57:15+00:00","twitter_card":"summary_large_image","twitter_misc":{"Est. reading time":"3 minutit"},"schema":{"@context":"https:\/\/schema.org","@graph":[{"@type":"WebPage","@id":"https:\/\/zircon.ee\/et\/peenmehaanika\/","url":"https:\/\/zircon.ee\/et\/peenmehaanika\/","name":"Peenmehaanika - Zircon kaasaegne tehnoloogia ning kvaliteet","isPartOf":{"@id":"https:\/\/zircon.ee\/et\/#website"},"datePublished":"2024-07-25T10:47:29+00:00","dateModified":"2024-09-11T21:57:15+00:00","description":"Meie metallit\u00f6\u00f6tlemis tehnoloogia lubab valmistada detaile t\u00e4psusega 0.005 mm. Me v\u00f5ime valmistada detaile igas Teile vajalikus koguses...","breadcrumb":{"@id":"https:\/\/zircon.ee\/et\/peenmehaanika\/#breadcrumb"},"inLanguage":"et","potentialAction":[{"@type":"ReadAction","target":["https:\/\/zircon.ee\/et\/peenmehaanika\/"]}]},{"@type":"BreadcrumbList","@id":"https:\/\/zircon.ee\/et\/peenmehaanika\/#breadcrumb","itemListElement":[{"@type":"ListItem","position":1,"name":"Home","item":"https:\/\/zircon.ee\/et\/"},{"@type":"ListItem","position":2,"name":"Peenmehaanika"}]},{"@type":"WebSite","@id":"https:\/\/zircon.ee\/et\/#website","url":"https:\/\/zircon.ee\/et\/","name":"ZIRCON | Web Design & Prototype 2","description":"","potentialAction":[{"@type":"SearchAction","target":{"@type":"EntryPoint","urlTemplate":"https:\/\/zircon.ee\/et\/?s={search_term_string}"},"query-input":{"@type":"PropertyValueSpecification","valueRequired":true,"valueName":"search_term_string"}}],"inLanguage":"et"}]}},"_links":{"self":[{"href":"https:\/\/zircon.ee\/et\/wp-json\/wp\/v2\/pages\/6014","targetHints":{"allow":["GET"]}}],"collection":[{"href":"https:\/\/zircon.ee\/et\/wp-json\/wp\/v2\/pages"}],"about":[{"href":"https:\/\/zircon.ee\/et\/wp-json\/wp\/v2\/types\/page"}],"author":[{"embeddable":true,"href":"https:\/\/zircon.ee\/et\/wp-json\/wp\/v2\/users\/1"}],"replies":[{"embeddable":true,"href":"https:\/\/zircon.ee\/et\/wp-json\/wp\/v2\/comments?post=6014"}],"version-history":[{"count":10,"href":"https:\/\/zircon.ee\/et\/wp-json\/wp\/v2\/pages\/6014\/revisions"}],"predecessor-version":[{"id":6331,"href":"https:\/\/zircon.ee\/et\/wp-json\/wp\/v2\/pages\/6014\/revisions\/6331"}],"wp:attachment":[{"href":"https:\/\/zircon.ee\/et\/wp-json\/wp\/v2\/media?parent=6014"}],"curies":[{"name":"wp","href":"https:\/\/api.w.org\/{rel}","templated":true}]}}